{"id":133,"date":"2019-09-26T14:03:08","date_gmt":"2019-09-26T11:03:08","guid":{"rendered":"https:\/\/prykarpattya.top\/tbcompany\/?page_id=133"},"modified":"2020-01-09T14:45:24","modified_gmt":"2020-01-09T12:45:24","slug":"konsultatsyy-po-nedvyzhymosty-vo-lvove-y-oblasty-yvano-frankovske-y-oblasty-bukovel","status":"publish","type":"page","link":"https:\/\/consult-tb.com\/de\/konsultatsyy-po-nedvyzhymosty-vo-lvove-y-oblasty-yvano-frankovske-y-oblasty-bukovel\/","title":{"rendered":"Immobilienberatungen in Lemberg, Iwano-Frankiwsk und den Karpaten (Bukowel)"},"content":{"rendered":"<p><strong>Unser Unternehmen bietet seinen Kunden die breiteste Palette von Dienstleistungen auf dem Immobilienmarkt von Lemberg, Iwano-Frankiwsk und Bukowel.<\/strong><\/p>\n<p>Unsere hochqualifizierten Immobilienkollegen mit langj\u00e4hriger Erfahrung stehen Ihnen jederzeit f\u00fcr Fragen zur Verf\u00fcgung und bieten Ihnen Immobilienservice. Sie k\u00f6nnen die L\u00f6sung Ihrer Fragen sicher Profis anvertrauen!<\/p>","protected":false},"excerpt":{"rendered":"<p>Unser Unternehmen bietet seinen Kunden die breiteste Palette von Dienstleistungen auf dem Immobilienmarkt von Lemberg, Iwano-Frankiwsk und Bukowel. Unsere hochqualifizierten Immobilienkollegen mit langj\u00e4hriger Erfahrung stehen Ihnen jederzeit f\u00fcr Fragen zur Verf\u00fcgung und bieten Ihnen Immobilienservice. Sie k\u00f6nnen die L\u00f6sung Ihrer Fragen sicher Profis anvertrauen!<\/p>\n","protected":false},"author":1,"featured_media":296,"parent":0,"menu_order":0,"comment_status":"closed","ping_status":"closed","template":"services-page.php","meta":[],"categories":[23],"tags":[],"yoast_head":"<!-- This site is optimized with the Yoast SEO plugin v16.0.2 - https:\/\/yoast.com\/wordpress\/plugins\/seo\/ -->\n<title>Immobilienberatungen in Lemberg, Iwano-Frankiwsk und den Karpaten (Bukowel) - Beratungsgesellschaft &quot;T-B Group&quot;<\/title>\n<link rel=\"canonical\" href=\"https:\/\/consult-tb.com\/en\/konsultatsyy-po-nedvyzhymosty-vo-lvove-y-oblasty-yvano-frankovske-y-oblasty-bukovel\/\" \/>\n<meta property=\"og:locale\" content=\"de_DE\" \/>\n<meta property=\"og:type\" content=\"article\" \/>\n<meta property=\"og:title\" content=\"Immobilienberatungen in Lemberg, Iwano-Frankiwsk und den Karpaten (Bukowel) - Beratungsgesellschaft &quot;T-B Group&quot;\" \/>\n<meta property=\"og:description\" content=\"Unser Unternehmen bietet seinen Kunden die breiteste Palette von Dienstleistungen auf dem Immobilienmarkt von Lemberg, Iwano-Frankiwsk und Bukowel. Unsere hochqualifizierten Immobilienkollegen mit langj\u00e4hriger Erfahrung stehen Ihnen jederzeit f\u00fcr Fragen zur Verf\u00fcgung und bieten Ihnen Immobilienservice. Sie k\u00f6nnen die L\u00f6sung Ihrer Fragen sicher Profis anvertrauen!\" \/>\n<meta property=\"og:url\" content=\"https:\/\/consult-tb.com\/en\/konsultatsyy-po-nedvyzhymosty-vo-lvove-y-oblasty-yvano-frankovske-y-oblasty-bukovel\/\" \/>\n<meta property=\"og:site_name\" content=\"Beratungsgesellschaft &quot;T-B Group&quot;\" \/>\n<meta property=\"article:publisher\" content=\"https:\/\/www.facebook.com\/gruptb\" \/>\n<meta property=\"article:modified_time\" content=\"2020-01-09T12:45:24+00:00\" \/>\n<meta property=\"og:image\" content=\"https:\/\/consult-tb.com\/wp-content\/uploads\/2019\/10\/budivelnyi.jpg\" \/>\n\t<meta property=\"og:image:width\" content=\"1800\" \/>\n\t<meta property=\"og:image:height\" content=\"676\" \/>\n<meta name=\"twitter:card\" content=\"summary_large_image\" \/>\n<meta name=\"twitter:label1\" content=\"Gesch\u00e4tzte Lesezeit\">\n\t<meta name=\"twitter:data1\" content=\"1\u00a0Minute\">\n<script type=\"application\/ld+json\" class=\"yoast-schema-graph\">{\"@context\":\"https:\/\/schema.org\",\"@graph\":[{\"@type\":\"WebSite\",\"@id\":\"https:\/\/consult-tb.com\/en\/#website\",\"url\":\"https:\/\/consult-tb.com\/en\/\",\"name\":\"Beratungsgesellschaft &quot;T-B Group&quot;\",\"description\":\"Beratungsgesellschaft \\u201eT-B Group\\u201c hat ihre Gesch\\u00e4ftst\\u00e4tigkeit im Jahr 2010 aufgenommen\",\"potentialAction\":[{\"@type\":\"SearchAction\",\"target\":\"https:\/\/consult-tb.com\/en\/?s={search_term_string}\",\"query-input\":\"required name=search_term_string\"}],\"inLanguage\":\"de\"},{\"@type\":\"ImageObject\",\"@id\":\"https:\/\/consult-tb.com\/en\/konsultatsyy-po-nedvyzhymosty-vo-lvove-y-oblasty-yvano-frankovske-y-oblasty-bukovel\/#primaryimage\",\"inLanguage\":\"de\",\"url\":\"https:\/\/consult-tb.com\/wp-content\/uploads\/2019\/10\/budivelnyi.jpg\",\"width\":1800,\"height\":676},{\"@type\":\"WebPage\",\"@id\":\"https:\/\/consult-tb.com\/en\/konsultatsyy-po-nedvyzhymosty-vo-lvove-y-oblasty-yvano-frankovske-y-oblasty-bukovel\/#webpage\",\"url\":\"https:\/\/consult-tb.com\/en\/konsultatsyy-po-nedvyzhymosty-vo-lvove-y-oblasty-yvano-frankovske-y-oblasty-bukovel\/\",\"name\":\"Immobilienberatungen in Lemberg, Iwano-Frankiwsk und den Karpaten (Bukowel) - Beratungsgesellschaft &quot;T-B Group&quot;\",\"isPartOf\":{\"@id\":\"https:\/\/consult-tb.com\/en\/#website\"},\"primaryImageOfPage\":{\"@id\":\"https:\/\/consult-tb.com\/en\/konsultatsyy-po-nedvyzhymosty-vo-lvove-y-oblasty-yvano-frankovske-y-oblasty-bukovel\/#primaryimage\"},\"datePublished\":\"2019-09-26T11:03:08+00:00\",\"dateModified\":\"2020-01-09T12:45:24+00:00\",\"breadcrumb\":{\"@id\":\"https:\/\/consult-tb.com\/en\/konsultatsyy-po-nedvyzhymosty-vo-lvove-y-oblasty-yvano-frankovske-y-oblasty-bukovel\/#breadcrumb\"},\"inLanguage\":\"de\",\"potentialAction\":[{\"@type\":\"ReadAction\",\"target\":[\"https:\/\/consult-tb.com\/en\/konsultatsyy-po-nedvyzhymosty-vo-lvove-y-oblasty-yvano-frankovske-y-oblasty-bukovel\/\"]}]},{\"@type\":\"BreadcrumbList\",\"@id\":\"https:\/\/consult-tb.com\/en\/konsultatsyy-po-nedvyzhymosty-vo-lvove-y-oblasty-yvano-frankovske-y-oblasty-bukovel\/#breadcrumb\",\"itemListElement\":[{\"@type\":\"ListItem\",\"position\":1,\"item\":{\"@type\":\"WebPage\",\"@id\":\"https:\/\/consult-tb.com\/en\/\",\"url\":\"https:\/\/consult-tb.com\/en\/\",\"name\":\"\\u0413\\u043e\\u043b\\u043e\\u0432\\u043d\\u0430 \\u0421\\u0442\\u043e\\u0440\\u0456\\u043d\\u043a\\u0430\"}},{\"@type\":\"ListItem\",\"position\":2,\"item\":{\"@type\":\"WebPage\",\"@id\":\"https:\/\/consult-tb.com\/en\/konsultatsyy-po-nedvyzhymosty-vo-lvove-y-oblasty-yvano-frankovske-y-oblasty-bukovel\/\",\"url\":\"https:\/\/consult-tb.com\/en\/konsultatsyy-po-nedvyzhymosty-vo-lvove-y-oblasty-yvano-frankovske-y-oblasty-bukovel\/\",\"name\":\"\\u041a\\u043e\\u043d\\u0441\\u0443\\u043b\\u044c\\u0442\\u0430\\u0446\\u0456\\u0457 \\u043f\\u043e \\u043d\\u0435\\u0440\\u0443\\u0445\\u043e\\u043c\\u043e\\u0441\\u0442\\u0456 \\u0443 \\u041b\\u044c\\u0432\\u043e\\u0432\\u0456, \\u0406\\u0432\\u0430\\u043d\\u043e-\\u0424\\u0440\\u0430\\u043d\\u043a\\u0456\\u0432\\u0441\\u044c\\u043a\\u0443 \\u0442\\u0430 \\u041a\\u0430\\u0440\\u043f\\u0430\\u0442\\u0430\\u0445 (\\u0411\\u0443\\u043a\\u043e\\u0432\\u0435\\u043b\\u044c)\"}}]}]}<\/script>\n<!-- \/ Yoast SEO plugin. -->","_links":{"self":[{"href":"https:\/\/consult-tb.com\/de\/wp-json\/wp\/v2\/pages\/133"}],"collection":[{"href":"https:\/\/consult-tb.com\/de\/wp-json\/wp\/v2\/pages"}],"about":[{"href":"https:\/\/consult-tb.com\/de\/wp-json\/wp\/v2\/types\/page"}],"author":[{"embeddable":true,"href":"https:\/\/consult-tb.com\/de\/wp-json\/wp\/v2\/users\/1"}],"replies":[{"embeddable":true,"href":"https:\/\/consult-tb.com\/de\/wp-json\/wp\/v2\/comments?post=133"}],"version-history":[{"count":0,"href":"https:\/\/consult-tb.com\/de\/wp-json\/wp\/v2\/pages\/133\/revisions"}],"wp:featuredmedia":[{"embeddable":true,"href":"https:\/\/consult-tb.com\/de\/wp-json\/wp\/v2\/media\/296"}],"wp:attachment":[{"href":"https:\/\/consult-tb.com\/de\/wp-json\/wp\/v2\/media?parent=133"}],"wp:term":[{"taxonomy":"category","embeddable":true,"href":"https:\/\/consult-tb.com\/de\/wp-json\/wp\/v2\/categories?post=133"},{"taxonomy":"post_tag","embeddable":true,"href":"https:\/\/consult-tb.com\/de\/wp-json\/wp\/v2\/tags?post=133"}],"curies":[{"name":"wp","href":"https:\/\/api.w.org\/{rel}","templated":true}]}}