{"id":135,"date":"2019-09-26T14:01:31","date_gmt":"2019-09-26T11:01:31","guid":{"rendered":"https:\/\/prykarpattya.top\/tbcompany\/?page_id=135"},"modified":"2020-03-08T13:55:38","modified_gmt":"2020-03-08T11:55:38","slug":"konsultatsyy-po-avstryy-y-germanyy","status":"publish","type":"page","link":"https:\/\/consult-tb.com\/de\/konsultatsyy-po-avstryy-y-germanyy\/","title":{"rendered":"Konsultationen im Deutschland, \u00d6sterreich und in der Schweiz"},"content":{"rendered":"<p><strong>Unser Unternehmen ber\u00e4t und unterst\u00fctzt Sie in Deutschland, \u00d6sterreich und Schweiz bei:<\/strong><\/p>\n<ul>\n<li>Kauf eines Autos;<\/li>\n<li>Kauf von Baumaschinen;<\/li>\n<li>Kauf von verschiedenen Produktionsanlagen;<\/li>\n<li>Kauf von Immobilien;<\/li>\n<li>ein Gesch\u00e4ft kaufen oder er\u00f6ffnen, Bankkonto er\u00f6ffnen;<\/li>\n<li>medizinischer Tourismus;<\/li>\n<li>Erhalt einer Aufenthaltserlaubnis und eines st\u00e4ndigen Aufenthalts in \u00d6sterreich (diese Dienstleistung ist noch nicht g\u00fcltig).<\/li>\n<\/ul>\n<p><\/p>","protected":false},"excerpt":{"rendered":"<p>Unser Unternehmen ber\u00e4t und unterst\u00fctzt Sie in Deutschland, \u00d6sterreich und Schweiz bei: Kauf eines Autos; Kauf von Baumaschinen; Kauf von verschiedenen Produktionsanlagen; Kauf von Immobilien; ein Gesch\u00e4ft kaufen oder er\u00f6ffnen, Bankkonto er\u00f6ffnen; medizinischer Tourismus; Erhalt einer Aufenthaltserlaubnis und eines st\u00e4ndigen Aufenthalts in \u00d6sterreich (diese Dienstleistung ist noch nicht g\u00fcltig).<\/p>\n","protected":false},"author":1,"featured_media":192,"parent":0,"menu_order":0,"comment_status":"closed","ping_status":"closed","template":"services-page.php","meta":[],"categories":[23],"tags":[],"yoast_head":"<!-- This site is optimized with the Yoast SEO plugin v16.0.2 - https:\/\/yoast.com\/wordpress\/plugins\/seo\/ -->\n<title>Konsultationen im Deutschland, \u00d6sterreich und in der Schweiz - Beratungsgesellschaft &quot;T-B Group&quot;<\/title>\n<link rel=\"canonical\" href=\"https:\/\/consult-tb.com\/en\/konsultatsyy-po-avstryy-y-germanyy\/\" \/>\n<meta property=\"og:locale\" content=\"de_DE\" \/>\n<meta property=\"og:type\" content=\"article\" \/>\n<meta property=\"og:title\" content=\"Konsultationen im Deutschland, \u00d6sterreich und in der Schweiz - Beratungsgesellschaft &quot;T-B Group&quot;\" \/>\n<meta property=\"og:description\" content=\"Unser Unternehmen ber\u00e4t und unterst\u00fctzt Sie in Deutschland, \u00d6sterreich und Schweiz bei: Kauf eines Autos; Kauf von Baumaschinen; Kauf von verschiedenen Produktionsanlagen; Kauf von Immobilien; ein Gesch\u00e4ft kaufen oder er\u00f6ffnen, Bankkonto er\u00f6ffnen; medizinischer Tourismus; Erhalt einer Aufenthaltserlaubnis und eines st\u00e4ndigen Aufenthalts in \u00d6sterreich (diese Dienstleistung ist noch nicht g\u00fcltig).\" \/>\n<meta property=\"og:url\" content=\"https:\/\/consult-tb.com\/en\/konsultatsyy-po-avstryy-y-germanyy\/\" \/>\n<meta property=\"og:site_name\" content=\"Beratungsgesellschaft &quot;T-B Group&quot;\" \/>\n<meta property=\"article:publisher\" content=\"https:\/\/www.facebook.com\/gruptb\" \/>\n<meta property=\"article:modified_time\" content=\"2020-03-08T11:55:38+00:00\" \/>\n<meta property=\"og:image\" content=\"https:\/\/consult-tb.com\/wp-content\/uploads\/2019\/10\/consalting.jpg\" \/>\n\t<meta property=\"og:image:width\" content=\"1950\" \/>\n\t<meta property=\"og:image:height\" content=\"1300\" \/>\n<meta name=\"twitter:card\" content=\"summary_large_image\" \/>\n<meta name=\"twitter:label1\" content=\"Gesch\u00e4tzte Lesezeit\">\n\t<meta name=\"twitter:data1\" content=\"1\u00a0Minute\">\n<script type=\"application\/ld+json\" class=\"yoast-schema-graph\">{\"@context\":\"https:\/\/schema.org\",\"@graph\":[{\"@type\":\"WebSite\",\"@id\":\"https:\/\/consult-tb.com\/en\/#website\",\"url\":\"https:\/\/consult-tb.com\/en\/\",\"name\":\"Beratungsgesellschaft &quot;T-B Group&quot;\",\"description\":\"Beratungsgesellschaft \\u201eT-B Group\\u201c hat ihre Gesch\\u00e4ftst\\u00e4tigkeit im Jahr 2010 aufgenommen\",\"potentialAction\":[{\"@type\":\"SearchAction\",\"target\":\"https:\/\/consult-tb.com\/en\/?s={search_term_string}\",\"query-input\":\"required name=search_term_string\"}],\"inLanguage\":\"de\"},{\"@type\":\"ImageObject\",\"@id\":\"https:\/\/consult-tb.com\/en\/konsultatsyy-po-avstryy-y-germanyy\/#primaryimage\",\"inLanguage\":\"de\",\"url\":\"https:\/\/consult-tb.com\/wp-content\/uploads\/2019\/10\/consalting.jpg\",\"width\":1950,\"height\":1300},{\"@type\":\"WebPage\",\"@id\":\"https:\/\/consult-tb.com\/en\/konsultatsyy-po-avstryy-y-germanyy\/#webpage\",\"url\":\"https:\/\/consult-tb.com\/en\/konsultatsyy-po-avstryy-y-germanyy\/\",\"name\":\"Konsultationen im Deutschland, \\u00d6sterreich und in der Schweiz - Beratungsgesellschaft &quot;T-B Group&quot;\",\"isPartOf\":{\"@id\":\"https:\/\/consult-tb.com\/en\/#website\"},\"primaryImageOfPage\":{\"@id\":\"https:\/\/consult-tb.com\/en\/konsultatsyy-po-avstryy-y-germanyy\/#primaryimage\"},\"datePublished\":\"2019-09-26T11:01:31+00:00\",\"dateModified\":\"2020-03-08T11:55:38+00:00\",\"breadcrumb\":{\"@id\":\"https:\/\/consult-tb.com\/en\/konsultatsyy-po-avstryy-y-germanyy\/#breadcrumb\"},\"inLanguage\":\"de\",\"potentialAction\":[{\"@type\":\"ReadAction\",\"target\":[\"https:\/\/consult-tb.com\/en\/konsultatsyy-po-avstryy-y-germanyy\/\"]}]},{\"@type\":\"BreadcrumbList\",\"@id\":\"https:\/\/consult-tb.com\/en\/konsultatsyy-po-avstryy-y-germanyy\/#breadcrumb\",\"itemListElement\":[{\"@type\":\"ListItem\",\"position\":1,\"item\":{\"@type\":\"WebPage\",\"@id\":\"https:\/\/consult-tb.com\/en\/\",\"url\":\"https:\/\/consult-tb.com\/en\/\",\"name\":\"\\u0413\\u043e\\u043b\\u043e\\u0432\\u043d\\u0430 \\u0421\\u0442\\u043e\\u0440\\u0456\\u043d\\u043a\\u0430\"}},{\"@type\":\"ListItem\",\"position\":2,\"item\":{\"@type\":\"WebPage\",\"@id\":\"https:\/\/consult-tb.com\/en\/konsultatsyy-po-avstryy-y-germanyy\/\",\"url\":\"https:\/\/consult-tb.com\/en\/konsultatsyy-po-avstryy-y-germanyy\/\",\"name\":\"\\u041a\\u043e\\u043d\\u0441\\u0443\\u043b\\u044c\\u0442\\u0430\\u0446\\u0456\\u0457 \\u0432 \\u041d\\u0456\\u043c\\u0435\\u0447\\u0447\\u0438\\u043d\\u0456, \\u0410\\u0432\\u0441\\u0442\\u0440\\u0456\\u0457 \\u0442\\u0430 \\u0428\\u0432\\u0435\\u0439\\u0446\\u0430\\u0440\\u0456\\u0457\"}}]}]}<\/script>\n<!-- \/ Yoast SEO plugin. -->","_links":{"self":[{"href":"https:\/\/consult-tb.com\/de\/wp-json\/wp\/v2\/pages\/135"}],"collection":[{"href":"https:\/\/consult-tb.com\/de\/wp-json\/wp\/v2\/pages"}],"about":[{"href":"https:\/\/consult-tb.com\/de\/wp-json\/wp\/v2\/types\/page"}],"author":[{"embeddable":true,"href":"https:\/\/consult-tb.com\/de\/wp-json\/wp\/v2\/users\/1"}],"replies":[{"embeddable":true,"href":"https:\/\/consult-tb.com\/de\/wp-json\/wp\/v2\/comments?post=135"}],"version-history":[{"count":0,"href":"https:\/\/consult-tb.com\/de\/wp-json\/wp\/v2\/pages\/135\/revisions"}],"wp:featuredmedia":[{"embeddable":true,"href":"https:\/\/consult-tb.com\/de\/wp-json\/wp\/v2\/media\/192"}],"wp:attachment":[{"href":"https:\/\/consult-tb.com\/de\/wp-json\/wp\/v2\/media?parent=135"}],"wp:term":[{"taxonomy":"category","embeddable":true,"href":"https:\/\/consult-tb.com\/de\/wp-json\/wp\/v2\/categories?post=135"},{"taxonomy":"post_tag","embeddable":true,"href":"https:\/\/consult-tb.com\/de\/wp-json\/wp\/v2\/tags?post=135"}],"curies":[{"name":"wp","href":"https:\/\/api.w.org\/{rel}","templated":true}]}}