{"id":137,"date":"2019-09-26T14:04:07","date_gmt":"2019-09-26T11:04:07","guid":{"rendered":"https:\/\/prykarpattya.top\/tbcompany\/?page_id=137"},"modified":"2020-01-09T14:46:08","modified_gmt":"2020-01-09T12:46:08","slug":"yurydychni-poslugy","status":"publish","type":"page","link":"https:\/\/consult-tb.com\/de\/yurydychni-poslugy\/","title":{"rendered":"juristische Dienstleistungen"},"content":{"rendered":"<p><strong>Unsere Firma bietet juristische Dienstleistungen (Rechtsanw\u00e4lte in Lemberg und Iwano-Frankiwsk) sowohl f\u00fcr Unternehmen und Organisationen (juristische Personen) als auch f\u00fcr B\u00fcrger (Privatpersonen) an.<\/strong><\/p>\n<p>Wir bieten juristische Dienstleistungen an: m\u00fcndliche und schriftliche Beratung im Zivil-, Familien-, Gesch\u00e4fts-, Steuer-, Gesellschafts- und Strafrecht. Unser Spezialgebiet ist auch der Schutz der Rechte und Interessen von Mandanten vor allgemeinen Handels- und Verwaltungsgerichten.<\/p>\n<p>Ein wichtiger Bereich unserer Unternehmenspraxis ist das Steuer- und Zollrecht.<\/p>\n<p>Wir unterst\u00fctzen Unternehmer bei Steuerpr\u00fcfungen, bei der Beschwerde gegen Steuererkl\u00e4rungen, bei Entscheidungen sowie bei Streitigkeiten mit Zollbeh\u00f6rden bei Export- und Importgesch\u00e4ften.<\/p>\n<p>Wir bieten Dienstleistungen im Bereich des Gesellschaftsrechts. Wir befassen uns mit der Registrierung von Unternehmen, der Ersetzung von Teilnehmern an juristischen Personen, der \u00c4nderung der Charta, der Erbringung anderer Arten von Registrierungsdiensten sowie der Liquidation von Unternehmen.<\/p>","protected":false},"excerpt":{"rendered":"<p>Unsere Firma bietet juristische Dienstleistungen (Rechtsanw\u00e4lte in Lemberg und Iwano-Frankiwsk) sowohl f\u00fcr Unternehmen und Organisationen (juristische Personen) als auch f\u00fcr B\u00fcrger (Privatpersonen) an. Wir bieten juristische Dienstleistungen an: m\u00fcndliche und schriftliche Beratung im Zivil-, Familien-, Gesch\u00e4fts-, Steuer-, Gesellschafts- und Strafrecht. Unser Spezialgebiet ist auch der Schutz der Rechte und Interessen von Mandanten vor allgemeinen Handels- [&hellip;]<\/p>\n","protected":false},"author":1,"featured_media":187,"parent":0,"menu_order":0,"comment_status":"closed","ping_status":"closed","template":"services-page.php","meta":[],"categories":[23],"tags":[],"yoast_head":"<!-- This site is optimized with the Yoast SEO plugin v16.0.2 - https:\/\/yoast.com\/wordpress\/plugins\/seo\/ -->\n<title>juristische Dienstleistungen - Beratungsgesellschaft &quot;T-B Group&quot;<\/title>\n<link rel=\"canonical\" href=\"https:\/\/consult-tb.com\/en\/yurydychni-poslugy\/\" \/>\n<meta property=\"og:locale\" content=\"de_DE\" \/>\n<meta property=\"og:type\" content=\"article\" \/>\n<meta property=\"og:title\" content=\"juristische Dienstleistungen - Beratungsgesellschaft &quot;T-B Group&quot;\" \/>\n<meta property=\"og:description\" content=\"Unsere Firma bietet juristische Dienstleistungen (Rechtsanw\u00e4lte in Lemberg und Iwano-Frankiwsk) sowohl f\u00fcr Unternehmen und Organisationen (juristische Personen) als auch f\u00fcr B\u00fcrger (Privatpersonen) an. Wir bieten juristische Dienstleistungen an: m\u00fcndliche und schriftliche Beratung im Zivil-, Familien-, Gesch\u00e4fts-, Steuer-, Gesellschafts- und Strafrecht. Unser Spezialgebiet ist auch der Schutz der Rechte und Interessen von Mandanten vor allgemeinen Handels- [&hellip;]\" \/>\n<meta property=\"og:url\" content=\"https:\/\/consult-tb.com\/en\/yurydychni-poslugy\/\" \/>\n<meta property=\"og:site_name\" content=\"Beratungsgesellschaft &quot;T-B Group&quot;\" \/>\n<meta property=\"article:publisher\" content=\"https:\/\/www.facebook.com\/gruptb\" \/>\n<meta property=\"article:modified_time\" content=\"2020-01-09T12:46:08+00:00\" \/>\n<meta property=\"og:image\" content=\"https:\/\/consult-tb.com\/wp-content\/uploads\/2019\/10\/urist2-1024x683.png\" \/>\n\t<meta property=\"og:image:width\" content=\"1024\" \/>\n\t<meta property=\"og:image:height\" content=\"683\" \/>\n<meta name=\"twitter:card\" content=\"summary_large_image\" \/>\n<meta name=\"twitter:label1\" content=\"Gesch\u00e4tzte Lesezeit\">\n\t<meta name=\"twitter:data1\" content=\"1\u00a0Minute\">\n<script type=\"application\/ld+json\" class=\"yoast-schema-graph\">{\"@context\":\"https:\/\/schema.org\",\"@graph\":[{\"@type\":\"WebSite\",\"@id\":\"https:\/\/consult-tb.com\/en\/#website\",\"url\":\"https:\/\/consult-tb.com\/en\/\",\"name\":\"Beratungsgesellschaft &quot;T-B Group&quot;\",\"description\":\"Beratungsgesellschaft \\u201eT-B Group\\u201c hat ihre Gesch\\u00e4ftst\\u00e4tigkeit im Jahr 2010 aufgenommen\",\"potentialAction\":[{\"@type\":\"SearchAction\",\"target\":\"https:\/\/consult-tb.com\/en\/?s={search_term_string}\",\"query-input\":\"required name=search_term_string\"}],\"inLanguage\":\"de\"},{\"@type\":\"ImageObject\",\"@id\":\"https:\/\/consult-tb.com\/en\/yurydychni-poslugy\/#primaryimage\",\"inLanguage\":\"de\",\"url\":\"https:\/\/consult-tb.com\/wp-content\/uploads\/2019\/10\/urist2.png\",\"width\":1920,\"height\":1280},{\"@type\":\"WebPage\",\"@id\":\"https:\/\/consult-tb.com\/en\/yurydychni-poslugy\/#webpage\",\"url\":\"https:\/\/consult-tb.com\/en\/yurydychni-poslugy\/\",\"name\":\"juristische Dienstleistungen - Beratungsgesellschaft &quot;T-B Group&quot;\",\"isPartOf\":{\"@id\":\"https:\/\/consult-tb.com\/en\/#website\"},\"primaryImageOfPage\":{\"@id\":\"https:\/\/consult-tb.com\/en\/yurydychni-poslugy\/#primaryimage\"},\"datePublished\":\"2019-09-26T11:04:07+00:00\",\"dateModified\":\"2020-01-09T12:46:08+00:00\",\"breadcrumb\":{\"@id\":\"https:\/\/consult-tb.com\/en\/yurydychni-poslugy\/#breadcrumb\"},\"inLanguage\":\"de\",\"potentialAction\":[{\"@type\":\"ReadAction\",\"target\":[\"https:\/\/consult-tb.com\/en\/yurydychni-poslugy\/\"]}]},{\"@type\":\"BreadcrumbList\",\"@id\":\"https:\/\/consult-tb.com\/en\/yurydychni-poslugy\/#breadcrumb\",\"itemListElement\":[{\"@type\":\"ListItem\",\"position\":1,\"item\":{\"@type\":\"WebPage\",\"@id\":\"https:\/\/consult-tb.com\/en\/\",\"url\":\"https:\/\/consult-tb.com\/en\/\",\"name\":\"\\u0413\\u043e\\u043b\\u043e\\u0432\\u043d\\u0430 \\u0421\\u0442\\u043e\\u0440\\u0456\\u043d\\u043a\\u0430\"}},{\"@type\":\"ListItem\",\"position\":2,\"item\":{\"@type\":\"WebPage\",\"@id\":\"https:\/\/consult-tb.com\/en\/yurydychni-poslugy\/\",\"url\":\"https:\/\/consult-tb.com\/en\/yurydychni-poslugy\/\",\"name\":\"\\u042e\\u0440\\u0438\\u0434\\u0438\\u0447\\u043d\\u0456 \\u043f\\u043e\\u0441\\u043b\\u0443\\u0433\\u0438\"}}]}]}<\/script>\n<!-- \/ Yoast SEO plugin. -->","_links":{"self":[{"href":"https:\/\/consult-tb.com\/de\/wp-json\/wp\/v2\/pages\/137"}],"collection":[{"href":"https:\/\/consult-tb.com\/de\/wp-json\/wp\/v2\/pages"}],"about":[{"href":"https:\/\/consult-tb.com\/de\/wp-json\/wp\/v2\/types\/page"}],"author":[{"embeddable":true,"href":"https:\/\/consult-tb.com\/de\/wp-json\/wp\/v2\/users\/1"}],"replies":[{"embeddable":true,"href":"https:\/\/consult-tb.com\/de\/wp-json\/wp\/v2\/comments?post=137"}],"version-history":[{"count":0,"href":"https:\/\/consult-tb.com\/de\/wp-json\/wp\/v2\/pages\/137\/revisions"}],"wp:featuredmedia":[{"embeddable":true,"href":"https:\/\/consult-tb.com\/de\/wp-json\/wp\/v2\/media\/187"}],"wp:attachment":[{"href":"https:\/\/consult-tb.com\/de\/wp-json\/wp\/v2\/media?parent=137"}],"wp:term":[{"taxonomy":"category","embeddable":true,"href":"https:\/\/consult-tb.com\/de\/wp-json\/wp\/v2\/categories?post=137"},{"taxonomy":"post_tag","embeddable":true,"href":"https:\/\/consult-tb.com\/de\/wp-json\/wp\/v2\/tags?post=137"}],"curies":[{"name":"wp","href":"https:\/\/api.w.org\/{rel}","templated":true}]}}