{"id":423,"date":"2019-09-26T14:02:58","date_gmt":"2019-09-26T11:02:58","guid":{"rendered":"https:\/\/t-b.group\/?page_id=423"},"modified":"2020-03-02T22:45:13","modified_gmt":"2020-03-02T20:45:13","slug":"konsaltyng-v-ukrayini","status":"publish","type":"page","link":"https:\/\/consult-tb.com\/de\/konsaltyng-v-ukrayini\/","title":{"rendered":"Beratung in der Ukraine"},"content":{"rendered":"<p><strong>Unsere Firma ist professionell in der Beratung in der Ukraine t\u00e4tig. Unsere Leistungen umfassen:<\/strong><\/p>\n<ul>\n<li>Kontaktanbahnung,<\/li>\n<li>Gesch\u00e4ftsvermittlung,<\/li>\n<li>Outsourcing von Ihren Gesch\u00e4ftsprozessen,<\/li>\n<li>Begleitung in der Ukraine,<\/li>\n<li>Hotelreservierung,<\/li>\n<li>Autovermietung mit Fahrer,<\/li>\n<li>Dienstleistungen eines professionellen \u00dcbersetzers,<\/li>\n<li>Organisation von Treffen,<\/li>\n<li>Business-Programme,<\/li>\n<li>Kulturelle Programme,<\/li>\n<li>Unterst\u00fctzung in Ihrer Freizeit.<\/li>\n<\/ul>\n<p><\/p>","protected":false},"excerpt":{"rendered":"<p>Unsere Firma ist professionell in der Beratung in der Ukraine t\u00e4tig. Unsere Leistungen umfassen: Kontaktanbahnung, Gesch\u00e4ftsvermittlung, Outsourcing von Ihren Gesch\u00e4ftsprozessen, Begleitung in der Ukraine, Hotelreservierung, Autovermietung mit Fahrer, Dienstleistungen eines professionellen \u00dcbersetzers, Organisation von Treffen, Business-Programme, Kulturelle Programme, Unterst\u00fctzung in Ihrer Freizeit.<\/p>\n","protected":false},"author":1,"featured_media":429,"parent":0,"menu_order":0,"comment_status":"closed","ping_status":"closed","template":"services-page.php","meta":[],"categories":[23],"tags":[33],"yoast_head":"<!-- This site is optimized with the Yoast SEO plugin v16.0.2 - https:\/\/yoast.com\/wordpress\/plugins\/seo\/ -->\n<title>Beratung in der Ukraine - Beratungsgesellschaft &quot;T-B Group&quot;<\/title>\n<link rel=\"canonical\" href=\"https:\/\/consult-tb.com\/de\/konsaltyng-v-ukrayini\/\" \/>\n<meta property=\"og:locale\" content=\"de_DE\" \/>\n<meta property=\"og:type\" content=\"article\" \/>\n<meta property=\"og:title\" content=\"Beratung in der Ukraine - Beratungsgesellschaft &quot;T-B Group&quot;\" \/>\n<meta property=\"og:description\" content=\"Unsere Firma ist professionell in der Beratung in der Ukraine t\u00e4tig. Unsere Leistungen umfassen: Kontaktanbahnung, Gesch\u00e4ftsvermittlung, Outsourcing von Ihren Gesch\u00e4ftsprozessen, Begleitung in der Ukraine, Hotelreservierung, Autovermietung mit Fahrer, Dienstleistungen eines professionellen \u00dcbersetzers, Organisation von Treffen, Business-Programme, Kulturelle Programme, Unterst\u00fctzung in Ihrer Freizeit.\" \/>\n<meta property=\"og:url\" content=\"https:\/\/consult-tb.com\/de\/konsaltyng-v-ukrayini\/\" \/>\n<meta property=\"og:site_name\" content=\"Beratungsgesellschaft &quot;T-B Group&quot;\" \/>\n<meta property=\"article:publisher\" content=\"https:\/\/www.facebook.com\/gruptb\" \/>\n<meta property=\"article:modified_time\" content=\"2020-03-02T20:45:13+00:00\" \/>\n<meta property=\"og:image\" content=\"https:\/\/consult-tb.com\/wp-content\/uploads\/2020\/01\/item04-1.jpg\" \/>\n\t<meta property=\"og:image:width\" content=\"1500\" \/>\n\t<meta property=\"og:image:height\" content=\"700\" \/>\n<meta name=\"twitter:card\" content=\"summary_large_image\" \/>\n<meta name=\"twitter:label1\" content=\"Gesch\u00e4tzte Lesezeit\">\n\t<meta name=\"twitter:data1\" content=\"1\u00a0Minute\">\n<script type=\"application\/ld+json\" class=\"yoast-schema-graph\">{\"@context\":\"https:\/\/schema.org\",\"@graph\":[{\"@type\":\"WebSite\",\"@id\":\"https:\/\/consult-tb.com\/en\/#website\",\"url\":\"https:\/\/consult-tb.com\/en\/\",\"name\":\"Beratungsgesellschaft &quot;T-B Group&quot;\",\"description\":\"Beratungsgesellschaft \\u201eT-B Group\\u201c hat ihre Gesch\\u00e4ftst\\u00e4tigkeit im Jahr 2010 aufgenommen\",\"potentialAction\":[{\"@type\":\"SearchAction\",\"target\":\"https:\/\/consult-tb.com\/en\/?s={search_term_string}\",\"query-input\":\"required name=search_term_string\"}],\"inLanguage\":\"de\"},{\"@type\":\"ImageObject\",\"@id\":\"https:\/\/consult-tb.com\/de\/konsaltyng-v-ukrayini\/#primaryimage\",\"inLanguage\":\"de\",\"url\":\"https:\/\/consult-tb.com\/wp-content\/uploads\/2020\/01\/item04-1.jpg\",\"width\":1500,\"height\":700},{\"@type\":\"WebPage\",\"@id\":\"https:\/\/consult-tb.com\/de\/konsaltyng-v-ukrayini\/#webpage\",\"url\":\"https:\/\/consult-tb.com\/de\/konsaltyng-v-ukrayini\/\",\"name\":\"Beratung in der Ukraine - Beratungsgesellschaft &quot;T-B Group&quot;\",\"isPartOf\":{\"@id\":\"https:\/\/consult-tb.com\/en\/#website\"},\"primaryImageOfPage\":{\"@id\":\"https:\/\/consult-tb.com\/de\/konsaltyng-v-ukrayini\/#primaryimage\"},\"datePublished\":\"2019-09-26T11:02:58+00:00\",\"dateModified\":\"2020-03-02T20:45:13+00:00\",\"breadcrumb\":{\"@id\":\"https:\/\/consult-tb.com\/de\/konsaltyng-v-ukrayini\/#breadcrumb\"},\"inLanguage\":\"de\",\"potentialAction\":[{\"@type\":\"ReadAction\",\"target\":[\"https:\/\/consult-tb.com\/de\/konsaltyng-v-ukrayini\/\"]}]},{\"@type\":\"BreadcrumbList\",\"@id\":\"https:\/\/consult-tb.com\/de\/konsaltyng-v-ukrayini\/#breadcrumb\",\"itemListElement\":[{\"@type\":\"ListItem\",\"position\":1,\"item\":{\"@type\":\"WebPage\",\"@id\":\"https:\/\/consult-tb.com\/en\/\",\"url\":\"https:\/\/consult-tb.com\/en\/\",\"name\":\"\\u0413\\u043e\\u043b\\u043e\\u0432\\u043d\\u0430 \\u0421\\u0442\\u043e\\u0440\\u0456\\u043d\\u043a\\u0430\"}},{\"@type\":\"ListItem\",\"position\":2,\"item\":{\"@type\":\"WebPage\",\"@id\":\"https:\/\/consult-tb.com\/de\/konsaltyng-v-ukrayini\/\",\"url\":\"https:\/\/consult-tb.com\/de\/konsaltyng-v-ukrayini\/\",\"name\":\"\\u041a\\u043e\\u043d\\u0441\\u0430\\u043b\\u0442\\u0438\\u043d\\u0433 \\u0432 \\u0423\\u043a\\u0440\\u0430\\u0457\\u043d\\u0456\"}}]}]}<\/script>\n<!-- \/ Yoast SEO plugin. -->","_links":{"self":[{"href":"https:\/\/consult-tb.com\/de\/wp-json\/wp\/v2\/pages\/423"}],"collection":[{"href":"https:\/\/consult-tb.com\/de\/wp-json\/wp\/v2\/pages"}],"about":[{"href":"https:\/\/consult-tb.com\/de\/wp-json\/wp\/v2\/types\/page"}],"author":[{"embeddable":true,"href":"https:\/\/consult-tb.com\/de\/wp-json\/wp\/v2\/users\/1"}],"replies":[{"embeddable":true,"href":"https:\/\/consult-tb.com\/de\/wp-json\/wp\/v2\/comments?post=423"}],"version-history":[{"count":0,"href":"https:\/\/consult-tb.com\/de\/wp-json\/wp\/v2\/pages\/423\/revisions"}],"wp:featuredmedia":[{"embeddable":true,"href":"https:\/\/consult-tb.com\/de\/wp-json\/wp\/v2\/media\/429"}],"wp:attachment":[{"href":"https:\/\/consult-tb.com\/de\/wp-json\/wp\/v2\/media?parent=423"}],"wp:term":[{"taxonomy":"category","embeddable":true,"href":"https:\/\/consult-tb.com\/de\/wp-json\/wp\/v2\/categories?post=423"},{"taxonomy":"post_tag","embeddable":true,"href":"https:\/\/consult-tb.com\/de\/wp-json\/wp\/v2\/tags?post=423"}],"curies":[{"name":"wp","href":"https:\/\/api.w.org\/{rel}","templated":true}]}}