{"id":40,"date":"2019-08-20T22:59:23","date_gmt":"2019-08-20T19:59:23","guid":{"rendered":"https:\/\/prykarpattya.top\/tbcompany\/?page_id=40"},"modified":"2021-01-30T20:01:21","modified_gmt":"2021-01-30T18:01:21","slug":"about-us","status":"publish","type":"page","link":"https:\/\/consult-tb.com\/en\/about-us\/","title":{"rendered":"About us"},"content":{"rendered":"<p>Company &#8220;T-B Group&#8221; started its operations in 2010. Together with its partners it carried out the construction of wooden houses, participated in all-Ukrainian and international exhibitions, learned from its mistakes, and gained experience. Every year the company improved and expanded its range of services. In 2015 the first outdoor LED monitor was built in Germany, with TB Company organizing a full cycle of project services,including the delivery of LED modules from China, customs clearance at the port and general project management, which is still ongoing. Since then, we have expanded our work and implemented many projects.<\/p>\n<p>Our company has combined all prior experience to move towards our present direction &#8211; consulting with legal support to ensure that our clients are satisfied with professionalism and want to be with us in the future.<\/p>\n<p>&nbsp;<\/p>","protected":false},"excerpt":{"rendered":"<p>Company &#8220;T-B Group&#8221; started its operations in 2010. Together with its partners it carried out the construction of wooden houses, participated in all-Ukrainian and international exhibitions, learned from its mistakes, and gained experience.<\/p>\n","protected":false},"author":1,"featured_media":0,"parent":0,"menu_order":0,"comment_status":"closed","ping_status":"closed","template":"","meta":[],"categories":[],"tags":[],"yoast_head":"<!-- This site is optimized with the Yoast SEO plugin v16.0.2 - https:\/\/yoast.com\/wordpress\/plugins\/seo\/ -->\n<title>About us - Consulting company &quot;T-B Group&quot;<\/title>\n<link rel=\"canonical\" href=\"https:\/\/consult-tb.com\/about-us\/\" \/>\n<meta property=\"og:locale\" content=\"en_US\" \/>\n<meta property=\"og:type\" content=\"article\" \/>\n<meta property=\"og:title\" content=\"About us - Consulting company &quot;T-B Group&quot;\" \/>\n<meta property=\"og:description\" content=\"[:en]Company &quot;T-B Group&quot; started its operations in 2010. Together with its partners it carried out the construction of wooden houses, participated in all-Ukrainian and international exhibitions, learned from its mistakes, and gained experience.[:de]Gesellschaft &quot;T-B Group&quot; hat ihre Gesch\u00e4ftst\u00e4tigkeit im Jahr 2010 aufgenommen. Zusammen mit ihren Partnern baute sie Holzh\u00e4user, nahm an allukrainischen und internationalen Ausstellungen teil, studierte ihre eigenen Fehler, sammelte Erfahrungen.[:ru]\u041a\u043e\u043c\u043f\u0430\u043d\u0438\u044f &quot;\u0422\u0438-\u0411\u0438 \u0413\u0440\u0443\u043f\u043f&quot; \u043d\u0430\u0447\u0430\u043b\u0430 \u0441\u0432\u043e\u044e \u0434\u0435\u044f\u0442\u0435\u043b\u044c\u043d\u043e\u0441\u0442\u044c \u0432 2010\u0433. \u0412\u043c\u0435\u0441\u0442\u0435 \u0441\u043e \u0441\u0432\u043e\u0438\u043c\u0438 \u043f\u0430\u0440\u0442\u043d\u0435\u0440\u0430\u043c\u0438 \u043e\u043d\u0430 \u043e\u0441\u0443\u0449\u0435\u0441\u0442\u0432\u043b\u044f\u043b\u0430 \u0441\u0442\u0440\u043e\u0438\u0442\u0435\u043b\u044c\u0441\u0442\u0432\u043e \u0434\u0435\u0440\u0435\u0432\u044f\u043d\u043d\u044b\u0445 \u0434\u043e\u043c\u043e\u0432, \u0443\u0447\u0430\u0441\u0442\u0432\u043e\u0432\u0430\u043b\u0430 \u043d\u0430 \u0432\u0441\u0435\u0443\u043a\u0440\u0430\u0438\u043d\u0441\u043a\u0438\u0445 \u0438 \u043c\u0435\u0436\u0434\u0443\u043d\u0430\u0440\u043e\u0434\u043d\u044b\u0445 \u0432\u044b\u0441\u0442\u0430\u0432\u043a\u0430\u0445, \u0443\u0447\u0438\u043b\u0430\u0441\u044c \u043d\u0430 \u0441\u043e\u0431\u0441\u0442\u0432\u0435\u043d\u043d\u044b\u0445 \u043e\u0448\u0438\u0431\u043a\u0430\u0445, \u043f\u043e\u043b\u0443\u0447\u0430\u043b\u0430 \u043e\u043f\u044b\u0442...[:ua] \u041a\u043e\u043c\u043f\u0430\u043d\u0456\u044f &quot;\u0422\u0456-\u0411\u0456 \u0413\u0440\u0443\u043f&quot; \u0440\u043e\u0437\u043f\u043e\u0447\u0430\u043b\u0430 \u0441\u0432\u043e\u044e \u0434\u0456\u044f\u043b\u044c\u043d\u0456\u0441\u0442\u044c \u0432 2010\u0440. \u0420\u0430\u0437\u043e\u043c \u0437\u0456 \u0441\u0432\u043e\u0457\u043c\u0438 \u043f\u0430\u0440\u0442\u043d\u0435\u0440\u0430\u043c\u0438 \u0432\u043e\u043d\u0430 \u00a0\u0437\u0434\u0456\u0439\u0441\u043d\u044e\u0432\u0430\u043b\u0430 \u0431\u0443\u0434\u0456\u0432\u043d\u0438\u0446\u0442\u0432\u043e \u0434\u0435\u0440\u0435\u0432\u2019\u044f\u043d\u0438\u0445 \u0431\u0443\u0434\u0438\u043d\u043a\u0456\u0432, \u0431\u0440\u0430\u043b\u0430 \u0443\u0447\u0430\u0441\u0442\u044c \u043d\u0430 \u0432\u0441\u0435\u0443\u043a\u0440\u0430\u0457\u043d\u0441\u044c\u043a\u0438\u0445 \u0442\u0430 \u00a0\u043c\u0456\u0436\u043d\u0430\u0440\u043e\u0434\u043d\u0438\u0445 \u0432\u0438\u0441\u0442\u0430\u0432\u043a\u0430\u0445, \u0432\u0447\u0438\u043b\u0430\u0441\u044f \u043d\u0430 \u0432\u043b\u0430\u0441\u043d\u0438\u0445 \u043f\u043e\u043c\u0438\u043b\u043a\u0430\u0445, \u0437\u0434\u043e\u0431\u0443\u0432\u0430\u043b\u0430 \u0434\u043e\u0441\u0432\u0456\u0434...[:]\" \/>\n<meta property=\"og:url\" content=\"https:\/\/consult-tb.com\/about-us\/\" \/>\n<meta property=\"og:site_name\" content=\"Consulting company &quot;T-B Group&quot;\" \/>\n<meta property=\"article:publisher\" content=\"https:\/\/www.facebook.com\/gruptb\" \/>\n<meta property=\"article:modified_time\" content=\"2021-01-30T18:01:21+00:00\" \/>\n<meta property=\"og:image\" content=\"https:\/\/consult-tb.com\/wp-content\/uploads\/2021\/01\/Screenshot_3.png\" \/>\n\t<meta property=\"og:image:width\" content=\"1068\" \/>\n\t<meta property=\"og:image:height\" content=\"660\" \/>\n<meta name=\"twitter:card\" content=\"summary_large_image\" \/>\n<meta name=\"twitter:label1\" content=\"Est. reading time\">\n\t<meta name=\"twitter:data1\" content=\"1 minute\">\n<script type=\"application\/ld+json\" class=\"yoast-schema-graph\">{\"@context\":\"https:\/\/schema.org\",\"@graph\":[{\"@type\":\"WebSite\",\"@id\":\"https:\/\/consult-tb.com\/en\/#website\",\"url\":\"https:\/\/consult-tb.com\/en\/\",\"name\":\"Consulting company &quot;T-B Group&quot;\",\"description\":\"Consulting company in Ukraine\",\"potentialAction\":[{\"@type\":\"SearchAction\",\"target\":\"https:\/\/consult-tb.com\/en\/?s={search_term_string}\",\"query-input\":\"required name=search_term_string\"}],\"inLanguage\":\"en-US\"},{\"@type\":\"WebPage\",\"@id\":\"https:\/\/consult-tb.com\/about-us\/#webpage\",\"url\":\"https:\/\/consult-tb.com\/about-us\/\",\"name\":\"About us - Consulting company &quot;T-B Group&quot;\",\"isPartOf\":{\"@id\":\"https:\/\/consult-tb.com\/en\/#website\"},\"datePublished\":\"2019-08-20T19:59:23+00:00\",\"dateModified\":\"2021-01-30T18:01:21+00:00\",\"breadcrumb\":{\"@id\":\"https:\/\/consult-tb.com\/about-us\/#breadcrumb\"},\"inLanguage\":\"en-US\",\"potentialAction\":[{\"@type\":\"ReadAction\",\"target\":[\"https:\/\/consult-tb.com\/about-us\/\"]}]},{\"@type\":\"BreadcrumbList\",\"@id\":\"https:\/\/consult-tb.com\/about-us\/#breadcrumb\",\"itemListElement\":[{\"@type\":\"ListItem\",\"position\":1,\"item\":{\"@type\":\"WebPage\",\"@id\":\"https:\/\/consult-tb.com\/en\/\",\"url\":\"https:\/\/consult-tb.com\/en\/\",\"name\":\"\\u0413\\u043e\\u043b\\u043e\\u0432\\u043d\\u0430 \\u0421\\u0442\\u043e\\u0440\\u0456\\u043d\\u043a\\u0430\"}},{\"@type\":\"ListItem\",\"position\":2,\"item\":{\"@type\":\"WebPage\",\"@id\":\"https:\/\/consult-tb.com\/about-us\/\",\"url\":\"https:\/\/consult-tb.com\/about-us\/\",\"name\":\"\\u041f\\u0440\\u043e \\u043a\\u043e\\u043c\\u043f\\u0430\\u043d\\u0456\\u044e\"}}]}]}<\/script>\n<!-- \/ Yoast SEO plugin. -->","_links":{"self":[{"href":"https:\/\/consult-tb.com\/en\/wp-json\/wp\/v2\/pages\/40"}],"collection":[{"href":"https:\/\/consult-tb.com\/en\/wp-json\/wp\/v2\/pages"}],"about":[{"href":"https:\/\/consult-tb.com\/en\/wp-json\/wp\/v2\/types\/page"}],"author":[{"embeddable":true,"href":"https:\/\/consult-tb.com\/en\/wp-json\/wp\/v2\/users\/1"}],"replies":[{"embeddable":true,"href":"https:\/\/consult-tb.com\/en\/wp-json\/wp\/v2\/comments?post=40"}],"version-history":[{"count":0,"href":"https:\/\/consult-tb.com\/en\/wp-json\/wp\/v2\/pages\/40\/revisions"}],"wp:attachment":[{"href":"https:\/\/consult-tb.com\/en\/wp-json\/wp\/v2\/media?parent=40"}],"wp:term":[{"taxonomy":"category","embeddable":true,"href":"https:\/\/consult-tb.com\/en\/wp-json\/wp\/v2\/categories?post=40"},{"taxonomy":"post_tag","embeddable":true,"href":"https:\/\/consult-tb.com\/en\/wp-json\/wp\/v2\/tags?post=40"}],"curies":[{"name":"wp","href":"https:\/\/api.w.org\/{rel}","templated":true}]}}