{"id":40,"date":"2019-08-20T22:59:23","date_gmt":"2019-08-20T19:59:23","guid":{"rendered":"https:\/\/prykarpattya.top\/tbcompany\/?page_id=40"},"modified":"2021-01-30T20:01:21","modified_gmt":"2021-01-30T18:01:21","slug":"about-us","status":"publish","type":"page","link":"https:\/\/consult-tb.com\/ru\/about-us\/","title":{"rendered":"\u041e \u043a\u043e\u043c\u043f\u0430\u043d\u0438\u0438"},"content":{"rendered":"<p>\u041a\u043e\u043c\u043f\u0430\u043d\u0438\u044f &#8220;\u0422\u0438-\u0411\u0438 \u0413\u0440\u0443\u043f\u043f&#8221; \u043d\u0430\u0447\u0430\u043b\u0430 \u0441\u0432\u043e\u044e \u0434\u0435\u044f\u0442\u0435\u043b\u044c\u043d\u043e\u0441\u0442\u044c \u0432 2010\u0433. \u0412\u043c\u0435\u0441\u0442\u0435 \u0441\u043e \u0441\u0432\u043e\u0438\u043c\u0438 \u043f\u0430\u0440\u0442\u043d\u0435\u0440\u0430\u043c\u0438 \u043e\u043d\u0430 \u043e\u0441\u0443\u0449\u0435\u0441\u0442\u0432\u043b\u044f\u043b\u0430 \u0441\u0442\u0440\u043e\u0438\u0442\u0435\u043b\u044c\u0441\u0442\u0432\u043e \u0434\u0435\u0440\u0435\u0432\u044f\u043d\u043d\u044b\u0445 \u0434\u043e\u043c\u043e\u0432, \u0443\u0447\u0430\u0441\u0442\u0432\u043e\u0432\u0430\u043b\u0430 \u043d\u0430 \u0432\u0441\u0435\u0443\u043a\u0440\u0430\u0438\u043d\u0441\u043a\u0438\u0445 \u0438 \u043c\u0435\u0436\u0434\u0443\u043d\u0430\u0440\u043e\u0434\u043d\u044b\u0445 \u0432\u044b\u0441\u0442\u0430\u0432\u043a\u0430\u0445, \u0443\u0447\u0438\u043b\u0430\u0441\u044c \u043d\u0430 \u0441\u043e\u0431\u0441\u0442\u0432\u0435\u043d\u043d\u044b\u0445 \u043e\u0448\u0438\u0431\u043a\u0430\u0445, \u043f\u043e\u043b\u0443\u0447\u0430\u043b\u0430 \u043e\u043f\u044b\u0442. \u0421 \u043a\u0430\u0436\u0434\u044b\u043c \u0433\u043e\u0434\u043e\u043c \u043a\u043e\u043c\u043f\u0430\u043d\u0438\u044f \u0441\u0442\u0430\u043d\u043e\u0432\u0438\u043b\u0430\u0441\u044c \u043b\u0443\u0447\u0448\u0435 \u0438 \u0440\u0430\u0441\u0448\u0438\u0440\u044f\u043b\u0430 \u0441\u043f\u0435\u043a\u0442\u0440 \u0441\u0432\u043e\u0438\u0445 \u0443\u0441\u043b\u0443\u0433. \u0412 2015\u0433. \u0431\u044b\u043b \u043f\u043e\u0441\u0442\u0440\u043e\u0435\u043d \u043f\u0435\u0440\u0432\u044b\u0439 \u0443\u043b\u0438\u0447\u043d\u044b\u0439 LED-\u043c\u043e\u043d\u0438\u0442\u043e\u0440 \u043d\u0430 \u0442\u0435\u0440\u0440\u0438\u0442\u043e\u0440\u0438\u0438 \u0413\u0435\u0440\u043c\u0430\u043d\u0438\u0438, \u043e\u0440\u0433\u0430\u043d\u0438\u0437\u043e\u0432\u0430\u0432 \u041f\u043e\u043b\u043d\u044b\u0439 \u0446\u0438\u043a\u043b \u0443\u0441\u043b\u0443\u0433 \u043f\u043e \u043f\u0440\u043e\u0435\u043a\u0442\u0443, \u0432\u043a\u043b\u044e\u0447\u0430\u044f \u0434\u043e\u0441\u0442\u0430\u0432\u043a\u0443 LED-\u043c\u043e\u0434\u0443\u043b\u0435\u0439 \u0438\u0437 \u041a\u0438\u0442\u0430\u044f, \u0440\u0430\u0441\u0442\u0430\u043c\u043e\u0436\u043a\u0430 \u0432 \u043f\u043e\u0440\u0442\u0443 \u0438 \u043e\u0431\u0449\u0438\u0439 \u043c\u0435\u043d\u0435\u0434\u0436\u043c\u0435\u043d\u0442 \u043f\u0440\u043e\u0435\u043a\u0442\u0430, \u043a\u043e\u0442\u043e\u0440\u044b\u0439\u00a0 \u043e\u0441\u0443\u0449\u0435\u0441\u0442\u0432\u043b\u044f\u0435\u0442\u0441\u044f \u0434\u043e \u0441\u0438\u0445 \u043f\u043e\u0440. \u0421 \u0442\u0435\u0445 \u043f\u043e\u0440 \u043c\u044b \u0440\u0430\u0441\u0448\u0438\u0440\u0438\u043b\u0438 \u043d\u0430\u043f\u0440\u0430\u0432\u043b\u0435\u043d\u0438\u044f \u043d\u0430\u0448\u0435\u0439 \u0440\u0430\u0431\u043e\u0442\u044b \u0438 \u0440\u0435\u0430\u043b\u0438\u0437\u043e\u0432\u0430\u043b\u0438 \u043c\u043d\u043e\u0433\u043e \u043f\u0440\u043e\u0435\u043a\u0442\u043e\u0432.<\/p>\n<p>\u0412\u0435\u0441\u044c \u043f\u0440\u0435\u0434\u044b\u0434\u0443\u0449\u0438\u0439 \u043e\u043f\u044b\u0442 \u043d\u0430\u0448\u0430 \u043a\u043e\u043c\u043f\u0430\u043d\u0438\u044f \u043e\u0431\u044a\u0435\u0434\u0438\u043d\u0438\u043b\u0430 \u0432 \u0441\u0432\u043e\u0435 \u043e\u0441\u043d\u043e\u0432\u043d\u043e\u0435 \u043d\u0430\u043f\u0440\u0430\u0432\u043b\u0435\u043d\u0438\u0435 \u043d\u0430 \u0441\u0435\u0433\u043e\u0434\u043d\u044f\u0448\u043d\u0438\u0439 \u0434\u0435\u043d\u044c &#8211; \u043a\u043e\u043d\u0441\u0430\u043b\u0442\u0438\u043d\u0433 \u0441 \u044e\u0440\u0438\u0434\u0438\u0447\u0435\u0441\u043a\u043e\u0439 \u043f\u043e\u0434\u0434\u0435\u0440\u0436\u043a\u043e\u0439 \u0434\u043b\u044f \u0442\u043e\u0433\u043e, \u0447\u0442\u043e\u0431\u044b \u0435\u0435 \u043a\u043b\u0438\u0435\u043d\u0442\u044b \u0431\u044b\u043b\u0438 \u0434\u043e\u0432\u043e\u043b\u044c\u043d\u044b \u043f\u0440\u043e\u0444\u0435\u0441\u0441\u0438\u043e\u043d\u0430\u043b\u0438\u0437\u043c\u043e\u043c \u0438 \u0445\u043e\u0442\u0435\u043b\u0438 \u0431\u044b\u0442\u044c \u0441 \u043d\u0430\u043c\u0438 \u0432 \u0434\u0430\u043b\u044c\u043d\u0435\u0439\u0448\u0435\u043c.<\/p>","protected":false},"excerpt":{"rendered":"<p>\u041a\u043e\u043c\u043f\u0430\u043d\u0438\u044f &#8220;\u0422\u0438-\u0411\u0438 \u0413\u0440\u0443\u043f\u043f&#8221; \u043d\u0430\u0447\u0430\u043b\u0430 \u0441\u0432\u043e\u044e \u0434\u0435\u044f\u0442\u0435\u043b\u044c\u043d\u043e\u0441\u0442\u044c \u0432 2010\u0433. \u0412\u043c\u0435\u0441\u0442\u0435 \u0441\u043e \u0441\u0432\u043e\u0438\u043c\u0438 \u043f\u0430\u0440\u0442\u043d\u0435\u0440\u0430\u043c\u0438 \u043e\u043d\u0430 \u043e\u0441\u0443\u0449\u0435\u0441\u0442\u0432\u043b\u044f\u043b\u0430 \u0441\u0442\u0440\u043e\u0438\u0442\u0435\u043b\u044c\u0441\u0442\u0432\u043e \u0434\u0435\u0440\u0435\u0432\u044f\u043d\u043d\u044b\u0445 \u0434\u043e\u043c\u043e\u0432, \u0443\u0447\u0430\u0441\u0442\u0432\u043e\u0432\u0430\u043b\u0430 \u043d\u0430 \u0432\u0441\u0435\u0443\u043a\u0440\u0430\u0438\u043d\u0441\u043a\u0438\u0445 \u0438 \u043c\u0435\u0436\u0434\u0443\u043d\u0430\u0440\u043e\u0434\u043d\u044b\u0445 \u0432\u044b\u0441\u0442\u0430\u0432\u043a\u0430\u0445, \u0443\u0447\u0438\u043b\u0430\u0441\u044c \u043d\u0430 \u0441\u043e\u0431\u0441\u0442\u0432\u0435\u043d\u043d\u044b\u0445 \u043e\u0448\u0438\u0431\u043a\u0430\u0445, \u043f\u043e\u043b\u0443\u0447\u0430\u043b\u0430 \u043e\u043f\u044b\u0442&#8230;<\/p>\n","protected":false},"author":1,"featured_media":0,"parent":0,"menu_order":0,"comment_status":"closed","ping_status":"closed","template":"","meta":[],"categories":[],"tags":[],"yoast_head":"<!-- This site is optimized with the Yoast SEO plugin v16.0.2 - https:\/\/yoast.com\/wordpress\/plugins\/seo\/ -->\n<title>\u041e \u043a\u043e\u043c\u043f\u0430\u043d\u0438\u0438 - \u041a\u043e\u043d\u0441\u0430\u043b\u0442\u0438\u043d\u0433\u043e\u0432\u0430\u044f \u043a\u043e\u043c\u043f\u0430\u043d\u0438\u044f &quot;\u0422\u0438-\u0411\u0438 \u0413\u0440\u0443\u043f\u043f&quot;<\/title>\n<link rel=\"canonical\" href=\"https:\/\/consult-tb.com\/about-us\/\" \/>\n<meta property=\"og:locale\" content=\"ru_RU\" \/>\n<meta property=\"og:type\" content=\"article\" \/>\n<meta property=\"og:title\" content=\"\u041e \u043a\u043e\u043c\u043f\u0430\u043d\u0438\u0438 - \u041a\u043e\u043d\u0441\u0430\u043b\u0442\u0438\u043d\u0433\u043e\u0432\u0430\u044f \u043a\u043e\u043c\u043f\u0430\u043d\u0438\u044f &quot;\u0422\u0438-\u0411\u0438 \u0413\u0440\u0443\u043f\u043f&quot;\" \/>\n<meta property=\"og:description\" content=\"[:en]Company &quot;T-B Group&quot; started its operations in 2010. Together with its partners it carried out the construction of wooden houses, participated in all-Ukrainian and international exhibitions, learned from its mistakes, and gained experience.[:de]Gesellschaft &quot;T-B Group&quot; hat ihre Gesch\u00e4ftst\u00e4tigkeit im Jahr 2010 aufgenommen. Zusammen mit ihren Partnern baute sie Holzh\u00e4user, nahm an allukrainischen und internationalen Ausstellungen teil, studierte ihre eigenen Fehler, sammelte Erfahrungen.[:ru]\u041a\u043e\u043c\u043f\u0430\u043d\u0438\u044f &quot;\u0422\u0438-\u0411\u0438 \u0413\u0440\u0443\u043f\u043f&quot; \u043d\u0430\u0447\u0430\u043b\u0430 \u0441\u0432\u043e\u044e \u0434\u0435\u044f\u0442\u0435\u043b\u044c\u043d\u043e\u0441\u0442\u044c \u0432 2010\u0433. \u0412\u043c\u0435\u0441\u0442\u0435 \u0441\u043e \u0441\u0432\u043e\u0438\u043c\u0438 \u043f\u0430\u0440\u0442\u043d\u0435\u0440\u0430\u043c\u0438 \u043e\u043d\u0430 \u043e\u0441\u0443\u0449\u0435\u0441\u0442\u0432\u043b\u044f\u043b\u0430 \u0441\u0442\u0440\u043e\u0438\u0442\u0435\u043b\u044c\u0441\u0442\u0432\u043e \u0434\u0435\u0440\u0435\u0432\u044f\u043d\u043d\u044b\u0445 \u0434\u043e\u043c\u043e\u0432, \u0443\u0447\u0430\u0441\u0442\u0432\u043e\u0432\u0430\u043b\u0430 \u043d\u0430 \u0432\u0441\u0435\u0443\u043a\u0440\u0430\u0438\u043d\u0441\u043a\u0438\u0445 \u0438 \u043c\u0435\u0436\u0434\u0443\u043d\u0430\u0440\u043e\u0434\u043d\u044b\u0445 \u0432\u044b\u0441\u0442\u0430\u0432\u043a\u0430\u0445, \u0443\u0447\u0438\u043b\u0430\u0441\u044c \u043d\u0430 \u0441\u043e\u0431\u0441\u0442\u0432\u0435\u043d\u043d\u044b\u0445 \u043e\u0448\u0438\u0431\u043a\u0430\u0445, \u043f\u043e\u043b\u0443\u0447\u0430\u043b\u0430 \u043e\u043f\u044b\u0442...[:ua] \u041a\u043e\u043c\u043f\u0430\u043d\u0456\u044f &quot;\u0422\u0456-\u0411\u0456 \u0413\u0440\u0443\u043f&quot; \u0440\u043e\u0437\u043f\u043e\u0447\u0430\u043b\u0430 \u0441\u0432\u043e\u044e \u0434\u0456\u044f\u043b\u044c\u043d\u0456\u0441\u0442\u044c \u0432 2010\u0440. \u0420\u0430\u0437\u043e\u043c \u0437\u0456 \u0441\u0432\u043e\u0457\u043c\u0438 \u043f\u0430\u0440\u0442\u043d\u0435\u0440\u0430\u043c\u0438 \u0432\u043e\u043d\u0430 \u00a0\u0437\u0434\u0456\u0439\u0441\u043d\u044e\u0432\u0430\u043b\u0430 \u0431\u0443\u0434\u0456\u0432\u043d\u0438\u0446\u0442\u0432\u043e \u0434\u0435\u0440\u0435\u0432\u2019\u044f\u043d\u0438\u0445 \u0431\u0443\u0434\u0438\u043d\u043a\u0456\u0432, \u0431\u0440\u0430\u043b\u0430 \u0443\u0447\u0430\u0441\u0442\u044c \u043d\u0430 \u0432\u0441\u0435\u0443\u043a\u0440\u0430\u0457\u043d\u0441\u044c\u043a\u0438\u0445 \u0442\u0430 \u00a0\u043c\u0456\u0436\u043d\u0430\u0440\u043e\u0434\u043d\u0438\u0445 \u0432\u0438\u0441\u0442\u0430\u0432\u043a\u0430\u0445, \u0432\u0447\u0438\u043b\u0430\u0441\u044f \u043d\u0430 \u0432\u043b\u0430\u0441\u043d\u0438\u0445 \u043f\u043e\u043c\u0438\u043b\u043a\u0430\u0445, \u0437\u0434\u043e\u0431\u0443\u0432\u0430\u043b\u0430 \u0434\u043e\u0441\u0432\u0456\u0434...[:]\" \/>\n<meta property=\"og:url\" content=\"https:\/\/consult-tb.com\/about-us\/\" \/>\n<meta property=\"og:site_name\" content=\"\u041a\u043e\u043d\u0441\u0430\u043b\u0442\u0438\u043d\u0433\u043e\u0432\u0430\u044f \u043a\u043e\u043c\u043f\u0430\u043d\u0438\u044f &quot;\u0422\u0438-\u0411\u0438 \u0413\u0440\u0443\u043f\u043f&quot;\" \/>\n<meta property=\"article:publisher\" content=\"https:\/\/www.facebook.com\/gruptb\" \/>\n<meta property=\"article:modified_time\" content=\"2021-01-30T18:01:21+00:00\" \/>\n<meta property=\"og:image\" content=\"https:\/\/consult-tb.com\/wp-content\/uploads\/2021\/01\/Screenshot_3.png\" \/>\n\t<meta property=\"og:image:width\" content=\"1068\" \/>\n\t<meta property=\"og:image:height\" content=\"660\" \/>\n<meta name=\"twitter:card\" content=\"summary_large_image\" \/>\n<meta name=\"twitter:label1\" content=\"\u041f\u0440\u0438\u043c\u0435\u0440\u043d\u043e\u0435 \u0432\u0440\u0435\u043c\u044f \u0434\u043b\u044f \u0447\u0442\u0435\u043d\u0438\u044f\">\n\t<meta name=\"twitter:data1\" content=\"1 \u043c\u0438\u043d\u0443\u0442\u0430\">\n<script type=\"application\/ld+json\" class=\"yoast-schema-graph\">{\"@context\":\"https:\/\/schema.org\",\"@graph\":[{\"@type\":\"WebSite\",\"@id\":\"https:\/\/consult-tb.com\/en\/#website\",\"url\":\"https:\/\/consult-tb.com\/en\/\",\"name\":\"\\u041a\\u043e\\u043d\\u0441\\u0430\\u043b\\u0442\\u0438\\u043d\\u0433\\u043e\\u0432\\u0430\\u044f \\u043a\\u043e\\u043c\\u043f\\u0430\\u043d\\u0438\\u044f &quot;\\u0422\\u0438-\\u0411\\u0438 \\u0413\\u0440\\u0443\\u043f\\u043f&quot;\",\"description\":\"\\u041a\\u043e\\u043d\\u0441\\u0430\\u043b\\u0442\\u0438\\u043d\\u0433\\u043e\\u0432\\u0430\\u044f \\u043a\\u043e\\u043c\\u043f\\u0430\\u043d\\u0438\\u044f \\u0432 \\u0423\\u043a\\u0440\\u0430\\u0438\\u043d\\u0435\",\"potentialAction\":[{\"@type\":\"SearchAction\",\"target\":\"https:\/\/consult-tb.com\/en\/?s={search_term_string}\",\"query-input\":\"required name=search_term_string\"}],\"inLanguage\":\"ru-RU\"},{\"@type\":\"WebPage\",\"@id\":\"https:\/\/consult-tb.com\/about-us\/#webpage\",\"url\":\"https:\/\/consult-tb.com\/about-us\/\",\"name\":\"\\u041e \\u043a\\u043e\\u043c\\u043f\\u0430\\u043d\\u0438\\u0438 - \\u041a\\u043e\\u043d\\u0441\\u0430\\u043b\\u0442\\u0438\\u043d\\u0433\\u043e\\u0432\\u0430\\u044f \\u043a\\u043e\\u043c\\u043f\\u0430\\u043d\\u0438\\u044f &quot;\\u0422\\u0438-\\u0411\\u0438 \\u0413\\u0440\\u0443\\u043f\\u043f&quot;\",\"isPartOf\":{\"@id\":\"https:\/\/consult-tb.com\/en\/#website\"},\"datePublished\":\"2019-08-20T19:59:23+00:00\",\"dateModified\":\"2021-01-30T18:01:21+00:00\",\"breadcrumb\":{\"@id\":\"https:\/\/consult-tb.com\/about-us\/#breadcrumb\"},\"inLanguage\":\"ru-RU\",\"potentialAction\":[{\"@type\":\"ReadAction\",\"target\":[\"https:\/\/consult-tb.com\/about-us\/\"]}]},{\"@type\":\"BreadcrumbList\",\"@id\":\"https:\/\/consult-tb.com\/about-us\/#breadcrumb\",\"itemListElement\":[{\"@type\":\"ListItem\",\"position\":1,\"item\":{\"@type\":\"WebPage\",\"@id\":\"https:\/\/consult-tb.com\/en\/\",\"url\":\"https:\/\/consult-tb.com\/en\/\",\"name\":\"\\u0413\\u043e\\u043b\\u043e\\u0432\\u043d\\u0430 \\u0421\\u0442\\u043e\\u0440\\u0456\\u043d\\u043a\\u0430\"}},{\"@type\":\"ListItem\",\"position\":2,\"item\":{\"@type\":\"WebPage\",\"@id\":\"https:\/\/consult-tb.com\/about-us\/\",\"url\":\"https:\/\/consult-tb.com\/about-us\/\",\"name\":\"\\u041f\\u0440\\u043e \\u043a\\u043e\\u043c\\u043f\\u0430\\u043d\\u0456\\u044e\"}}]}]}<\/script>\n<!-- \/ Yoast SEO plugin. -->","_links":{"self":[{"href":"https:\/\/consult-tb.com\/ru\/wp-json\/wp\/v2\/pages\/40"}],"collection":[{"href":"https:\/\/consult-tb.com\/ru\/wp-json\/wp\/v2\/pages"}],"about":[{"href":"https:\/\/consult-tb.com\/ru\/wp-json\/wp\/v2\/types\/page"}],"author":[{"embeddable":true,"href":"https:\/\/consult-tb.com\/ru\/wp-json\/wp\/v2\/users\/1"}],"replies":[{"embeddable":true,"href":"https:\/\/consult-tb.com\/ru\/wp-json\/wp\/v2\/comments?post=40"}],"version-history":[{"count":0,"href":"https:\/\/consult-tb.com\/ru\/wp-json\/wp\/v2\/pages\/40\/revisions"}],"wp:attachment":[{"href":"https:\/\/consult-tb.com\/ru\/wp-json\/wp\/v2\/media?parent=40"}],"wp:term":[{"taxonomy":"category","embeddable":true,"href":"https:\/\/consult-tb.com\/ru\/wp-json\/wp\/v2\/categories?post=40"},{"taxonomy":"post_tag","embeddable":true,"href":"https:\/\/consult-tb.com\/ru\/wp-json\/wp\/v2\/tags?post=40"}],"curies":[{"name":"wp","href":"https:\/\/api.w.org\/{rel}","templated":true}]}}